{"id":10633,"date":"2022-06-22T13:15:38","date_gmt":"2022-06-22T11:15:38","guid":{"rendered":"https:\/\/brikk.se\/utbildning\/"},"modified":"2022-12-16T09:23:49","modified_gmt":"2022-12-16T08:23:49","slug":"education","status":"publish","type":"page","link":"https:\/\/brikk.se\/en\/education\/","title":{"rendered":"Education"},"content":{"rendered":"<section id=\"\" class=\"section-wrapper dark:bg-brikk-black\">\n    <div class=\"hero-glide\">\n                    \n<div class=\"glide__track w-full\" data-glide-el=\"track\">\n    <ul class=\"glide__slides w-full flex h-[50vh] md:h-[50vh]\">\n                    <li class=\"w-full relative\">\n                <a class=\"w-full h-full flex flex-col items-center\" href=\"#\">\n                                                                                                    \n        <figure class=\"w-full h-full object-cover \">\n            <img loading=\"lazy\" decoding=\"async\" width=\"1920\" height=\"1080\" src=\"https:\/\/brikk.se\/wp-content\/uploads\/2022\/11\/Portal_fantasy_Trailer_002.png\" class=\"w-full h-full object-cover \" alt=\"Portal Fantasy Trailer\" srcset=\"https:\/\/brikk.se\/wp-content\/uploads\/2022\/11\/Portal_fantasy_Trailer_002.png 1920w, https:\/\/brikk.se\/wp-content\/uploads\/2022\/11\/Portal_fantasy_Trailer_002-300x169.png 300w, https:\/\/brikk.se\/wp-content\/uploads\/2022\/11\/Portal_fantasy_Trailer_002-1024x576.png 1024w, https:\/\/brikk.se\/wp-content\/uploads\/2022\/11\/Portal_fantasy_Trailer_002-768x432.png 768w, https:\/\/brikk.se\/wp-content\/uploads\/2022\/11\/Portal_fantasy_Trailer_002-1536x864.png 1536w, https:\/\/brikk.se\/wp-content\/uploads\/2022\/11\/Portal_fantasy_Trailer_002-150x84.png 150w, https:\/\/brikk.se\/wp-content\/uploads\/2022\/11\/Portal_fantasy_Trailer_002-1440x810.png 1440w, https:\/\/brikk.se\/wp-content\/uploads\/2022\/11\/Portal_fantasy_Trailer_002-720x405.png 720w, https:\/\/brikk.se\/wp-content\/uploads\/2022\/11\/Portal_fantasy_Trailer_002-400x225.png 400w, https:\/\/brikk.se\/wp-content\/uploads\/2022\/11\/Portal_fantasy_Trailer_002-618x348.png 618w\" sizes=\"auto, (max-width: 1920px) 100vw, 1920px\" \/>\n        <\/figure>\n                                                                            <\/a>\n            <\/li>\n            <\/ul>\n<\/div>\n\n            <\/div>\n<\/section>\n\n<section id=\"\" class=\"section-wrapper js-text-intro bg-transparent dark:bg-brikk-black dark:text-white\">\n    <div class=\"section-inner section-inner--y-padding section-inner--less-top-padding section-inner--narrow   flex w-full relative\">\n        <div class=\"w-full absolute -top-12 md:top-0 left-8 md:left-0 md:relative md:w-1\/3 hidden md:block md:pr-8\">\n                                                                                            <img decoding=\"async\" class=\"max-w-[100px] max-h-[100px] h-auto relative top-[14px] object-contain js-text-intro-icon\" src=\"https:\/\/brikk.se\/wp-content\/uploads\/2022\/06\/Teckning17_357434d6-4cc8-4d03-869e-cd80b7b83c2a.png\" data-dark-mode=\"https:\/\/brikk.se\/wp-content\/uploads\/2022\/06\/Teckning17_357434d6-4cc8-4d03-869e-cd80b7b83c2a.png\" data-light-mode=\"https:\/\/brikk.se\/wp-content\/uploads\/2022\/06\/Teckning17_357434d6-4cc8-4d03-869e-cd80b7b83c2a.png\" alt=\"Utbildning\">\n                                                        <\/div>\n        <div class=\"w-full md:w-2\/3 max-w-[695px] self-start\">\n                                        <h1 class=\"mb-8 text-brikk-blue dark:text-white\">Lectures and workshops<\/h1>\n                                        <div class=\"text-flow paragraph text-brikk-blue dark:text-white\">\n                    <h2>Education and lectures<\/h2>\n<p>We want to be involved in training future illustrators and animators. Therefore, we have participated in several educations at Swedish universities and schools. We develop educations and workshops with the high standard the industry requires. We inspire and hold lectures in traditional animation, 2D animation, and 3D animation. We see many benefits when we can work closely with the students and give feedback and guidance; our goal is to help them get their dream job.<\/p>\n<h2>Inspirational lectures for companies<\/h2>\n<p>It isn&#8217;t easy to know how animation is made, how much production can cost, how long time it takes, what you can create with animation, etc. So if you want to improve your knowledge about animation at your agency and learn more about what&#8217;s possible to do, we would love to pop by and show you different projects and animation techniques and discuss budgets.<br \/>\nOur lectures are usually around one hour but we can also do tailor-made lectures suited just for you.<\/p>\n<h3>Lectures 2022<\/h3>\n<p>Artic Game Week &#8211; Skellefte\u00e5, Sweden<br \/>\nS\u00f6r\u00e4ngens folkh\u00f6gskola &#8211; digital lecture<br \/>\nAnimationsakademin &#8211; digital lecture<br \/>\nLBS kreativa gymnasiet &#8211; open house<\/p>\n                <\/div>\n                    <\/div>\n    <\/div>\n    <\/section>\n\n<section id=\"\" class=\"section-wrapper bg-brikk-blue text-white dark:bg-brikk-dark-gray\">\n    <div class=\"section-inner section-inner--y-padding  \">\n                                    <h2 class=\"text-white section-heading\">We are a learning partner for the following instiutions:<\/h2>\n                            <div class=\"grid grid-cols-2 gap-16 md:grid-cols-3 lg:grid-cols-5\">\n                            <a href=\"#\" class=\"flex justify-center max-h-20 education-link\">\n                        <figure class=\"flex justify-center max-h-20\">\n                            <img decoding=\"async\" src=\"https:\/\/brikk.se\/wp-content\/uploads\/2022\/06\/Konstfack-1.svg\" class=\"w-full h-full object-contain\" alt=\"Konstfack\" \/>\n                        <\/figure>\n                        <\/a>\n                                                <a href=\"#\" class=\"flex justify-center max-h-20 education-link\">\n                        <figure class=\"flex justify-center max-h-20\">\n                            <img decoding=\"async\" src=\"https:\/\/brikk.se\/wp-content\/uploads\/2022\/06\/SKH-1.svg\" class=\"w-full h-full object-contain\" alt=\"Stockholms Konstn\u00e4rliga H\u00f6gskola\" \/>\n                        <\/figure>\n                        <\/a>\n                                                <a href=\"#\" class=\"flex justify-center max-h-20 education-link\">\n                        <figure class=\"flex justify-center max-h-20\">\n                            <img loading=\"lazy\" decoding=\"async\" width=\"1183\" height=\"150\" src=\"https:\/\/brikk.se\/wp-content\/uploads\/2022\/07\/289843652_577960417076533_2654196400736273368_n.png\" class=\"w-full h-full object-contain\" alt=\"Hyper Island\" srcset=\"https:\/\/brikk.se\/wp-content\/uploads\/2022\/07\/289843652_577960417076533_2654196400736273368_n.png 1183w, https:\/\/brikk.se\/wp-content\/uploads\/2022\/07\/289843652_577960417076533_2654196400736273368_n-300x38.png 300w, https:\/\/brikk.se\/wp-content\/uploads\/2022\/07\/289843652_577960417076533_2654196400736273368_n-1024x130.png 1024w, https:\/\/brikk.se\/wp-content\/uploads\/2022\/07\/289843652_577960417076533_2654196400736273368_n-768x97.png 768w, https:\/\/brikk.se\/wp-content\/uploads\/2022\/07\/289843652_577960417076533_2654196400736273368_n-150x19.png 150w, https:\/\/brikk.se\/wp-content\/uploads\/2022\/07\/289843652_577960417076533_2654196400736273368_n-618x78.png 618w\" sizes=\"auto, (max-width: 1183px) 100vw, 1183px\" \/>\n                        <\/figure>\n                        <\/a>\n                                                <a href=\"#\" class=\"flex justify-center max-h-20 education-link\">\n                        <figure class=\"flex justify-center max-h-20\">\n                            <img loading=\"lazy\" decoding=\"async\" width=\"1940\" height=\"432\" src=\"https:\/\/brikk.se\/wp-content\/uploads\/2022\/06\/290096789_591513932300714_5310535096600806688_n.png\" class=\"w-full h-full object-contain\" alt=\"S\u00f6r\u00e4ngens Folkh\u00f6gskola logotyp\" srcset=\"https:\/\/brikk.se\/wp-content\/uploads\/2022\/06\/290096789_591513932300714_5310535096600806688_n.png 1940w, https:\/\/brikk.se\/wp-content\/uploads\/2022\/06\/290096789_591513932300714_5310535096600806688_n-300x67.png 300w, https:\/\/brikk.se\/wp-content\/uploads\/2022\/06\/290096789_591513932300714_5310535096600806688_n-1024x228.png 1024w, https:\/\/brikk.se\/wp-content\/uploads\/2022\/06\/290096789_591513932300714_5310535096600806688_n-768x171.png 768w, https:\/\/brikk.se\/wp-content\/uploads\/2022\/06\/290096789_591513932300714_5310535096600806688_n-1536x342.png 1536w\" sizes=\"auto, (max-width: 1940px) 100vw, 1940px\" \/>\n                        <\/figure>\n                        <\/a>\n                                                <a href=\"#\" class=\"flex justify-center max-h-20 education-link\">\n                        <figure class=\"flex justify-center max-h-20\">\n                            <img loading=\"lazy\" decoding=\"async\" width=\"300\" height=\"88\" src=\"https:\/\/brikk.se\/wp-content\/uploads\/2022\/06\/articgameweek-logotyp.png\" class=\"w-full h-full object-contain\" alt=\"Artic game week logotype\" srcset=\"https:\/\/brikk.se\/wp-content\/uploads\/2022\/06\/articgameweek-logotyp.png 300w, https:\/\/brikk.se\/wp-content\/uploads\/2022\/06\/articgameweek-logotyp-150x44.png 150w\" sizes=\"auto, (max-width: 300px) 100vw, 300px\" \/>\n                        <\/figure>\n                        <\/a>\n                                            <\/div>\n            <\/div>\n    <\/section>\n\n<section id=\"\" class=\"section-wrapper contact-view bg-brikk-red text-white dark:bg-brikk-dark-gray dark:text-white\">\n    <div class=\"section-inner section-inner--y-padding   mx-auto \">\n                                <div class=\"mx-auto text-center text-2xl md:text-3xl md:leading-normal flex flex-col md:flex-row gap-y-16 md:gap-y-0 md:gap-x-16  max-w-[1024px] justify-center\">\n                        <div>\n                                <div class=\"contact__icon-wrapper mb-6\">\n                    <figure class=\"contact__icon_holder h-9\">\n                            <img decoding=\"async\" src=\"https:\/\/brikk.se\/wp-content\/uploads\/2022\/06\/Vector-1.svg\" class=\"contact-icon mx-auto h-full object-contain\" alt=\"Kontakt ikon\" \/>\n                            <\/figure>                <\/div>\n                                \n                                <div class=\"contact__details-wrapper font-extralight text-white\">\n                    <p>Book a lecture!<br \/>\nReach out to\u00a0<a href=\"mailto:samuel@brikk.se\">Samuel Fast Hurtigkarl<\/a><br \/>\n+46 (0)73 612 06 04<\/p>\n                <\/div>\n                            <\/div>\n                        <\/div>\n            <\/div>\n    <\/section>\n\n\n<section id=\"\" class=\"section-wrapper dark:bg-brikk-black dark:text-white\">\n    <div class=\"section-inner  section-inner--y-padding grid grid-cols-2 gap-y-12 lg:gap-y-0 lg:gap-x-4    lg:flex-row-reverse\">\n        <div class=\"col-span-full md:col-span-1 flex lg:order-last\">\n            <div class=\"w-full flex justify-center items-center \">\n                                                <figure class=\"w-auto\" >\n                        <img decoding=\"async\"  class=\"w-full h-full object-contain\" src=\"https:\/\/brikk.se\/wp-content\/uploads\/2022\/06\/Teckning16_aedc537e-c366-4efe-8685-b71894e03c39.png\" alt=\"Sp\u00e5kula ikon\">    \n                    <\/figure>\n                                        <\/div>\n        <\/div>\n        <div class=\"col-span-full md:col-span-1 flex\">\n                            <div class=\"text-flow paragraph\"><h2>E-Learning and online presentations<\/h2>\n<p>Since 2020, we have also offered training and lectures online. Therefore, we have a fully functional solution and have taught and lectured more than 100 participants in one online session.<\/p>\n<p>Get in touch with <a href=\"mailto:samuel@brikk.se\">Samuel Fast Hurtigkarl <\/a>if you want to discuss a customized to your particular education or business.<\/p>\n<\/div>\n                    <\/div> \n    <\/div>\n    <\/section>\n\n\n<section data-wpr-lazyrender=\"0\" id=\"\" class=\"section-wrapper bg-white dark:bg-brikk-black\"> \n    <div class=\"section-inner section-inner--max-width section-inner--y-padding section-inner--no-t-padding  image-grid\">\n                <div class=\"grid grid-cols-32 gap-y-4 md:gap-4\">\n                                                                                        <figure class=\"flex w-full image-grid__image image-grid__image--fw \">\n                                <img loading=\"lazy\" decoding=\"async\" width=\"1440\" height=\"810\" src=\"https:\/\/brikk.se\/wp-content\/uploads\/2022\/06\/Brikk-Produktionsbolag.jpeg\" class=\"w-full h-full object-cover\" alt=\"Utbildning\" srcset=\"https:\/\/brikk.se\/wp-content\/uploads\/2022\/06\/Brikk-Produktionsbolag.jpeg 1440w, https:\/\/brikk.se\/wp-content\/uploads\/2022\/06\/Brikk-Produktionsbolag-300x169.jpeg 300w, https:\/\/brikk.se\/wp-content\/uploads\/2022\/06\/Brikk-Produktionsbolag-1024x576.jpeg 1024w, https:\/\/brikk.se\/wp-content\/uploads\/2022\/06\/Brikk-Produktionsbolag-768x432.jpeg 768w\" sizes=\"auto, (max-width: 1440px) 100vw, 1440px\" \/>\n                                <\/figure>                            <\/div>\n    <\/div>\n    <\/section>","protected":false},"excerpt":{"rendered":"","protected":false},"author":1,"featured_media":12054,"parent":0,"menu_order":0,"comment_status":"closed","ping_status":"closed","template":"","meta":{"_acf_changed":false,"footnotes":""},"class_list":["post-10633","page","type-page","status-publish","has-post-thumbnail","hentry"],"acf":[],"yoast_head":"<!-- This site is optimized with the Yoast SEO Premium plugin v24.8 (Yoast SEO v24.8.1) - https:\/\/yoast.com\/wordpress\/plugins\/seo\/ -->\n<title>Education - Creative Studio - Brikk Animation and Film<\/title>\n<meta name=\"description\" content=\"We want to be involved in educating illustrators and animators. Therefore, we participate in several education and universities.\" \/>\n<meta name=\"robots\" content=\"index, follow, max-snippet:-1, max-image-preview:large, max-video-preview:-1\" \/>\n<link rel=\"canonical\" href=\"https:\/\/brikk.se\/en\/education\/\" \/>\n<meta property=\"og:locale\" content=\"en_US\" \/>\n<meta property=\"og:type\" content=\"article\" \/>\n<meta property=\"og:title\" content=\"Education\" \/>\n<meta property=\"og:description\" content=\"We want to be involved in educating illustrators and animators. Therefore, we participate in several education and universities.\" \/>\n<meta property=\"og:url\" content=\"https:\/\/brikk.se\/en\/education\/\" \/>\n<meta property=\"og:site_name\" content=\"Brikk\" \/>\n<meta property=\"article:modified_time\" content=\"2022-12-16T08:23:49+00:00\" \/>\n<meta name=\"twitter:card\" content=\"summary_large_image\" \/>\n<script type=\"application\/ld+json\" class=\"yoast-schema-graph\">{\"@context\":\"https:\/\/schema.org\",\"@graph\":[{\"@type\":\"WebPage\",\"@id\":\"https:\/\/brikk.se\/en\/education\/\",\"url\":\"https:\/\/brikk.se\/en\/education\/\",\"name\":\"Education - Creative Studio - Brikk Animation and Film\",\"isPartOf\":{\"@id\":\"https:\/\/brikk.se\/en\/#website\"},\"primaryImageOfPage\":{\"@id\":\"https:\/\/brikk.se\/en\/education\/#primaryimage\"},\"image\":{\"@id\":\"https:\/\/brikk.se\/en\/education\/#primaryimage\"},\"thumbnailUrl\":\"https:\/\/brikk.se\/wp-content\/uploads\/2022\/11\/Portal_fantasy_Trailer_002.png\",\"datePublished\":\"2022-06-22T11:15:38+00:00\",\"dateModified\":\"2022-12-16T08:23:49+00:00\",\"description\":\"We want to be involved in educating illustrators and animators. Therefore, we participate in several education and universities.\",\"breadcrumb\":{\"@id\":\"https:\/\/brikk.se\/en\/education\/#breadcrumb\"},\"inLanguage\":\"en-US\",\"potentialAction\":[{\"@type\":\"ReadAction\",\"target\":[\"https:\/\/brikk.se\/en\/education\/\"]}]},{\"@type\":\"ImageObject\",\"inLanguage\":\"en-US\",\"@id\":\"https:\/\/brikk.se\/en\/education\/#primaryimage\",\"url\":\"https:\/\/brikk.se\/wp-content\/uploads\/2022\/11\/Portal_fantasy_Trailer_002.png\",\"contentUrl\":\"https:\/\/brikk.se\/wp-content\/uploads\/2022\/11\/Portal_fantasy_Trailer_002.png\",\"width\":1920,\"height\":1080,\"caption\":\"Portal Fantasy Trailer\"},{\"@type\":\"BreadcrumbList\",\"@id\":\"https:\/\/brikk.se\/en\/education\/#breadcrumb\",\"itemListElement\":[{\"@type\":\"ListItem\",\"position\":1,\"name\":\"Hem\",\"item\":\"https:\/\/brikk.se\/en\/\"},{\"@type\":\"ListItem\",\"position\":2,\"name\":\"Education\"}]},{\"@type\":\"WebSite\",\"@id\":\"https:\/\/brikk.se\/en\/#website\",\"url\":\"https:\/\/brikk.se\/en\/\",\"name\":\"Brikk\",\"description\":\"Ett produktionsbolag i Stockholm\",\"publisher\":{\"@id\":\"https:\/\/brikk.se\/en\/#organization\"},\"potentialAction\":[{\"@type\":\"SearchAction\",\"target\":{\"@type\":\"EntryPoint\",\"urlTemplate\":\"https:\/\/brikk.se\/en\/?s={search_term_string}\"},\"query-input\":{\"@type\":\"PropertyValueSpecification\",\"valueRequired\":true,\"valueName\":\"search_term_string\"}}],\"inLanguage\":\"en-US\"},{\"@type\":\"Organization\",\"@id\":\"https:\/\/brikk.se\/en\/#organization\",\"name\":\"Brikk\",\"url\":\"https:\/\/brikk.se\/en\/\",\"logo\":{\"@type\":\"ImageObject\",\"inLanguage\":\"en-US\",\"@id\":\"https:\/\/brikk.se\/en\/#\/schema\/logo\/image\/\",\"url\":\"https:\/\/brikk.se\/wp-content\/uploads\/2022\/06\/Mrbrikk.svg\",\"contentUrl\":\"https:\/\/brikk.se\/wp-content\/uploads\/2022\/06\/Mrbrikk.svg\",\"width\":1,\"height\":1,\"caption\":\"Brikk\"},\"image\":{\"@id\":\"https:\/\/brikk.se\/en\/#\/schema\/logo\/image\/\"}}]}<\/script>\n<!-- \/ Yoast SEO Premium plugin. -->","yoast_head_json":{"title":"Education - Creative Studio - Brikk Animation and Film","description":"We want to be involved in educating illustrators and animators. Therefore, we participate in several education and universities.","robots":{"index":"index","follow":"follow","max-snippet":"max-snippet:-1","max-image-preview":"max-image-preview:large","max-video-preview":"max-video-preview:-1"},"canonical":"https:\/\/brikk.se\/en\/education\/","og_locale":"en_US","og_type":"article","og_title":"Education","og_description":"We want to be involved in educating illustrators and animators. Therefore, we participate in several education and universities.","og_url":"https:\/\/brikk.se\/en\/education\/","og_site_name":"Brikk","article_modified_time":"2022-12-16T08:23:49+00:00","twitter_card":"summary_large_image","schema":{"@context":"https:\/\/schema.org","@graph":[{"@type":"WebPage","@id":"https:\/\/brikk.se\/en\/education\/","url":"https:\/\/brikk.se\/en\/education\/","name":"Education - Creative Studio - Brikk Animation and Film","isPartOf":{"@id":"https:\/\/brikk.se\/en\/#website"},"primaryImageOfPage":{"@id":"https:\/\/brikk.se\/en\/education\/#primaryimage"},"image":{"@id":"https:\/\/brikk.se\/en\/education\/#primaryimage"},"thumbnailUrl":"https:\/\/brikk.se\/wp-content\/uploads\/2022\/11\/Portal_fantasy_Trailer_002.png","datePublished":"2022-06-22T11:15:38+00:00","dateModified":"2022-12-16T08:23:49+00:00","description":"We want to be involved in educating illustrators and animators. Therefore, we participate in several education and universities.","breadcrumb":{"@id":"https:\/\/brikk.se\/en\/education\/#breadcrumb"},"inLanguage":"en-US","potentialAction":[{"@type":"ReadAction","target":["https:\/\/brikk.se\/en\/education\/"]}]},{"@type":"ImageObject","inLanguage":"en-US","@id":"https:\/\/brikk.se\/en\/education\/#primaryimage","url":"https:\/\/brikk.se\/wp-content\/uploads\/2022\/11\/Portal_fantasy_Trailer_002.png","contentUrl":"https:\/\/brikk.se\/wp-content\/uploads\/2022\/11\/Portal_fantasy_Trailer_002.png","width":1920,"height":1080,"caption":"Portal Fantasy Trailer"},{"@type":"BreadcrumbList","@id":"https:\/\/brikk.se\/en\/education\/#breadcrumb","itemListElement":[{"@type":"ListItem","position":1,"name":"Hem","item":"https:\/\/brikk.se\/en\/"},{"@type":"ListItem","position":2,"name":"Education"}]},{"@type":"WebSite","@id":"https:\/\/brikk.se\/en\/#website","url":"https:\/\/brikk.se\/en\/","name":"Brikk","description":"Ett produktionsbolag i Stockholm","publisher":{"@id":"https:\/\/brikk.se\/en\/#organization"},"potentialAction":[{"@type":"SearchAction","target":{"@type":"EntryPoint","urlTemplate":"https:\/\/brikk.se\/en\/?s={search_term_string}"},"query-input":{"@type":"PropertyValueSpecification","valueRequired":true,"valueName":"search_term_string"}}],"inLanguage":"en-US"},{"@type":"Organization","@id":"https:\/\/brikk.se\/en\/#organization","name":"Brikk","url":"https:\/\/brikk.se\/en\/","logo":{"@type":"ImageObject","inLanguage":"en-US","@id":"https:\/\/brikk.se\/en\/#\/schema\/logo\/image\/","url":"https:\/\/brikk.se\/wp-content\/uploads\/2022\/06\/Mrbrikk.svg","contentUrl":"https:\/\/brikk.se\/wp-content\/uploads\/2022\/06\/Mrbrikk.svg","width":1,"height":1,"caption":"Brikk"},"image":{"@id":"https:\/\/brikk.se\/en\/#\/schema\/logo\/image\/"}}]}},"_links":{"self":[{"href":"https:\/\/brikk.se\/en\/wp-json\/wp\/v2\/pages\/10633","targetHints":{"allow":["GET"]}}],"collection":[{"href":"https:\/\/brikk.se\/en\/wp-json\/wp\/v2\/pages"}],"about":[{"href":"https:\/\/brikk.se\/en\/wp-json\/wp\/v2\/types\/page"}],"author":[{"embeddable":true,"href":"https:\/\/brikk.se\/en\/wp-json\/wp\/v2\/users\/1"}],"replies":[{"embeddable":true,"href":"https:\/\/brikk.se\/en\/wp-json\/wp\/v2\/comments?post=10633"}],"version-history":[{"count":35,"href":"https:\/\/brikk.se\/en\/wp-json\/wp\/v2\/pages\/10633\/revisions"}],"predecessor-version":[{"id":12748,"href":"https:\/\/brikk.se\/en\/wp-json\/wp\/v2\/pages\/10633\/revisions\/12748"}],"wp:featuredmedia":[{"embeddable":true,"href":"https:\/\/brikk.se\/en\/wp-json\/wp\/v2\/media\/12054"}],"wp:attachment":[{"href":"https:\/\/brikk.se\/en\/wp-json\/wp\/v2\/media?parent=10633"}],"curies":[{"name":"wp","href":"https:\/\/api.w.org\/{rel}","templated":true}]}}